{"id":848,"date":"2017-05-11T14:16:41","date_gmt":"2017-05-11T13:16:41","guid":{"rendered":"http:\/\/pouchou.fr\/petit-pouchou\/"},"modified":"2024-12-21T10:41:27","modified_gmt":"2024-12-21T09:41:27","slug":"petit-pouchou","status":"publish","type":"page","link":"https:\/\/pouchou.fr\/de\/die-wohnungen\/petit-pouchou\/","title":{"rendered":"Petit Pouchou"},"content":{"rendered":"","protected":false},"excerpt":{"rendered":"<p>Petit Pouchou ist ein komfortables, romantisches Ferienhaus f\u00fcr zwei Personen. Unten befindet sich eine gro\u00dfe, gut ausgestattete K\u00fcche und einen Keller. <a href=\"https:\/\/pouchou.fr\/de\/die-wohnungen\/petit-pouchou\/\" class=\"page_readmore\">Lees verder&nbsp;&raquo;<\/a><\/p>\n","protected":false},"author":1,"featured_media":0,"parent":984,"menu_order":0,"comment_status":"closed","ping_status":"closed","template":"page_fotogalerij.php","meta":{"footnotes":""},"class_list":["post-848","page","type-page","status-publish","hentry"],"_links":{"self":[{"href":"https:\/\/pouchou.fr\/de\/wp-json\/wp\/v2\/pages\/848","targetHints":{"allow":["GET"]}}],"collection":[{"href":"https:\/\/pouchou.fr\/de\/wp-json\/wp\/v2\/pages"}],"about":[{"href":"https:\/\/pouchou.fr\/de\/wp-json\/wp\/v2\/types\/page"}],"author":[{"embeddable":true,"href":"https:\/\/pouchou.fr\/de\/wp-json\/wp\/v2\/users\/1"}],"replies":[{"embeddable":true,"href":"https:\/\/pouchou.fr\/de\/wp-json\/wp\/v2\/comments?post=848"}],"version-history":[{"count":16,"href":"https:\/\/pouchou.fr\/de\/wp-json\/wp\/v2\/pages\/848\/revisions"}],"predecessor-version":[{"id":2913,"href":"https:\/\/pouchou.fr\/de\/wp-json\/wp\/v2\/pages\/848\/revisions\/2913"}],"up":[{"embeddable":true,"href":"https:\/\/pouchou.fr\/de\/wp-json\/wp\/v2\/pages\/984"}],"wp:attachment":[{"href":"https:\/\/pouchou.fr\/de\/wp-json\/wp\/v2\/media?parent=848"}],"curies":[{"name":"wp","href":"https:\/\/api.w.org\/{rel}","templated":true}]}}