{"id":847,"date":"2017-05-11T14:16:41","date_gmt":"2017-05-11T13:16:41","guid":{"rendered":"http:\/\/pouchou.fr\/petit-pouchou\/"},"modified":"2025-03-31T13:07:11","modified_gmt":"2025-03-31T12:07:11","slug":"petit-pouchou","status":"publish","type":"page","link":"https:\/\/pouchou.fr\/fr\/les-gites\/petit-pouchou\/","title":{"rendered":"Petit Pouchou"},"content":{"rendered":"","protected":false},"excerpt":{"rendered":"<p>La maison est confortable, chaleureuse et surtout accueillante. C&#8217;est une maison pour deux personnes. Au rez-de-chauss\u00e9e il y a une cuisine bien am\u00e9nag\u00e9e: micro-ondes, lave vaisselle, four, etc. <a href=\"https:\/\/pouchou.fr\/fr\/les-gites\/petit-pouchou\/\" class=\"page_readmore\">Lees verder&nbsp;&raquo;<\/a><\/p>\n","protected":false},"author":1,"featured_media":0,"parent":983,"menu_order":0,"comment_status":"closed","ping_status":"closed","template":"page_fotogalerij.php","meta":{"footnotes":""},"class_list":["post-847","page","type-page","status-publish","hentry"],"_links":{"self":[{"href":"https:\/\/pouchou.fr\/fr\/wp-json\/wp\/v2\/pages\/847","targetHints":{"allow":["GET"]}}],"collection":[{"href":"https:\/\/pouchou.fr\/fr\/wp-json\/wp\/v2\/pages"}],"about":[{"href":"https:\/\/pouchou.fr\/fr\/wp-json\/wp\/v2\/types\/page"}],"author":[{"embeddable":true,"href":"https:\/\/pouchou.fr\/fr\/wp-json\/wp\/v2\/users\/1"}],"replies":[{"embeddable":true,"href":"https:\/\/pouchou.fr\/fr\/wp-json\/wp\/v2\/comments?post=847"}],"version-history":[{"count":17,"href":"https:\/\/pouchou.fr\/fr\/wp-json\/wp\/v2\/pages\/847\/revisions"}],"predecessor-version":[{"id":2912,"href":"https:\/\/pouchou.fr\/fr\/wp-json\/wp\/v2\/pages\/847\/revisions\/2912"}],"up":[{"embeddable":true,"href":"https:\/\/pouchou.fr\/fr\/wp-json\/wp\/v2\/pages\/983"}],"wp:attachment":[{"href":"https:\/\/pouchou.fr\/fr\/wp-json\/wp\/v2\/media?parent=847"}],"curies":[{"name":"wp","href":"https:\/\/api.w.org\/{rel}","templated":true}]}}