{"id":850,"date":"2017-05-11T14:16:41","date_gmt":"2017-05-11T13:16:41","guid":{"rendered":"http:\/\/pouchou.fr\/pantouze\/"},"modified":"2025-03-31T13:07:11","modified_gmt":"2025-03-31T12:07:11","slug":"pantouze","status":"publish","type":"page","link":"https:\/\/pouchou.fr\/fr\/les-gites\/pantouze\/","title":{"rendered":"Pantouze"},"content":{"rendered":"","protected":false},"excerpt":{"rendered":"<p>Pantouze est une ancienne grange \u00e0 tabac transform\u00e9e en studio moderne de style rustique, avec une vue sur la vall\u00e9e.  <a href=\"https:\/\/pouchou.fr\/fr\/les-gites\/pantouze\/\" class=\"page_readmore\">Lees verder&nbsp;&raquo;<\/a><\/p>\n","protected":false},"author":1,"featured_media":0,"parent":983,"menu_order":1,"comment_status":"closed","ping_status":"closed","template":"page_fotogalerij.php","meta":{"footnotes":""},"class_list":["post-850","page","type-page","status-publish","hentry"],"_links":{"self":[{"href":"https:\/\/pouchou.fr\/fr\/wp-json\/wp\/v2\/pages\/850","targetHints":{"allow":["GET"]}}],"collection":[{"href":"https:\/\/pouchou.fr\/fr\/wp-json\/wp\/v2\/pages"}],"about":[{"href":"https:\/\/pouchou.fr\/fr\/wp-json\/wp\/v2\/types\/page"}],"author":[{"embeddable":true,"href":"https:\/\/pouchou.fr\/fr\/wp-json\/wp\/v2\/users\/1"}],"replies":[{"embeddable":true,"href":"https:\/\/pouchou.fr\/fr\/wp-json\/wp\/v2\/comments?post=850"}],"version-history":[{"count":19,"href":"https:\/\/pouchou.fr\/fr\/wp-json\/wp\/v2\/pages\/850\/revisions"}],"predecessor-version":[{"id":2902,"href":"https:\/\/pouchou.fr\/fr\/wp-json\/wp\/v2\/pages\/850\/revisions\/2902"}],"up":[{"embeddable":true,"href":"https:\/\/pouchou.fr\/fr\/wp-json\/wp\/v2\/pages\/983"}],"wp:attachment":[{"href":"https:\/\/pouchou.fr\/fr\/wp-json\/wp\/v2\/media?parent=850"}],"curies":[{"name":"wp","href":"https:\/\/api.w.org\/{rel}","templated":true}]}}